{"id":6539,"date":"2022-01-27T06:20:44","date_gmt":"2022-01-27T06:20:44","guid":{"rendered":"https:\/\/www.rakmediaoffice.ae\/?page_id=6539"},"modified":"2022-11-21T06:43:42","modified_gmt":"2022-11-21T06:43:42","slug":"about-his-highness","status":"publish","type":"page","link":"https:\/\/www.rakmediaoffice.ae\/en\/media-center\/information-kit\/about-his-highness\/","title":{"rendered":"His Highness Sheikh Saud bin Saqr Al Qasimi"},"content":{"rendered":"<p><!-- VideographyWP Plugin Message: Automatic video embedding prevented by plugin options. --><br \/>\nBorn in Dubai in 1956, H.H. Sheikh Saud bin Saqr Al Qasimi was educated at Al Qassimiya Primary and Al Siddique Secondary schools in Ras Al Khaimah before attending the American University of Beirut in 1973. He later transferred to the University of Michigan in the United States, graduating with a Bachelor\u2019s Degree in Political Science and Economics.<\/p>\n<p>Upon his return from the United States in 1978, H.H. Sheikh Saud was appointed Chief of the Ruler\u2019s Court. In 1986 he became the Chairman of the Ras Al Khaimah Municipal Council, where he continued his work to improve the Emirate\u2019s infrastructure and governance practices.<\/p>\n<p>During this period, H.H. Sheikh Saud also founded RAK Ceramics and restructured Julphar Pharmaceuticals and RAK Rock to ensure that both became the industry leaders they are today.<\/p>\n<p>H.H. Sheikh Saud was named Crown Prince and Deputy Ruler of Ras Al Khaimah on 14 June, 2003.<\/p>\n<p>As Crown Prince, H.H. Sheikh Saud oversaw the introduction of free zones and industrial parks, efficient business licensing procedures and offshore corporate registration.<\/p>\n<p>On 27 October, 2010, H.H. Sheikh Saud succeeded his father, the late Sheikh Saqr bin Mohammed Al Qasimi, to become the Ruler of Ras Al Khaimah. As Ruler, he has continued to expand and diversify Ras Al Khaimah\u2019s economy, demonstrating an unwavering commitment to improving the wellbeing of the Emirate\u2019s inhabitants and enhancing the quality of its social services.<\/p>\n<p>Under\u00a0H.H. Sheikh Saud\u2019s\u00a0guidance,\u00a0Ras Al Khaimah\u00a0Government has adopted an institutional approach to commerce and trade, which has had a tremendously positive effect on government procedures in the Emirate, guaranteeing efficiency, quality, transparency and improving the ease of doing business.<\/p>\n<p>H.H. Sheikh Saud has also strived to make high-quality education and healthcare services available to Ras Al Khaimah\u2019s people. The Emirate now has more than 100 public and private schools, with curriculums ranging from the United Kingdom and United States to International Baccalaureate, to Indian and Pakistani programs. It also hosts numerous institutions of higher learning, including the American University of Ras Al Khaimah, the University of Bolton (UK) and \u00c9cole polytechnique f\u00e9d\u00e9rale de Lausanne (EPFL, Switzerland). Training for doctors and nurses is offered through the RAK Medical and Health Sciences University (RAK MHSU), with a number of graduates then moving on to the state-of-the-art RAK Hospital, Saqr Hospital, Ibrahim bin Hamad Obaidullah Hospital and Shaam Hospital, which are among the many advanced institutions delivering modern and reliable healthcare across the Emirate.<\/p>\n<p>In recognition of his leading role in spearheading the sustainable development of Ras Al Khaimah, H.H. Sheikh Saud received an Honorary Doctorate from the University of Bolton (UK) in 2010; an Honorary Fellowship of the Jawaharlal Nehru Centre for Advanced Scientific Research (India) in 2013; and an Honorary Doctorate Degree in Economics from Incheon National University (South Korea) in 2018 \u2013 a year in which he was also named \u2018Visionary Leader of the Year\u2019 by Arabian Business.<\/p>\n","protected":false},"excerpt":{"rendered":"<p>Born in Dubai in 1956, H.H. Sheikh Saud bin Saqr Al Qasimi was educated at Al Qassimiya Primary and Al Siddique Secondary schools in Ras Al Khaimah before attending the American University of Beirut in 1973. He later transferred to the University of Michigan in the United States, graduating with a Bachelor\u2019s Degree in Political [&hellip;]<\/p>\n","protected":false},"author":1,"featured_media":0,"parent":619,"menu_order":0,"comment_status":"closed","ping_status":"closed","template":"","meta":{"_acf_changed":false,"footnotes":""},"class_list":["post-6539","page","type-page","status-publish","hentry"],"acf":[],"yoast_head":"<!-- This site is optimized with the Yoast SEO plugin v24.7 - https:\/\/yoast.com\/wordpress\/plugins\/seo\/ -->\n<title>His Highness Sheikh Saud bin Saqr Al Qasimi - Home Page<\/title>\n<meta name=\"robots\" content=\"index, follow, max-snippet:-1, max-image-preview:large, max-video-preview:-1\" \/>\n<link rel=\"canonical\" href=\"https:\/\/www.rakmediaoffice.ae\/en\/media-center\/information-kit\/about-his-highness\/\" \/>\n<meta property=\"og:locale\" content=\"en_US\" \/>\n<meta property=\"og:type\" content=\"article\" \/>\n<meta property=\"og:title\" content=\"His Highness Sheikh Saud bin Saqr Al Qasimi - Home Page\" \/>\n<meta property=\"og:description\" content=\"Born in Dubai in 1956, H.H. Sheikh Saud bin Saqr Al Qasimi was educated at Al Qassimiya Primary and Al Siddique Secondary schools in Ras Al Khaimah before attending the American University of Beirut in 1973. He later transferred to the University of Michigan in the United States, graduating with a Bachelor\u2019s Degree in Political [&hellip;]\" \/>\n<meta property=\"og:url\" content=\"https:\/\/www.rakmediaoffice.ae\/en\/media-center\/information-kit\/about-his-highness\/\" \/>\n<meta property=\"og:site_name\" content=\"Home Page\" \/>\n<meta property=\"article:modified_time\" content=\"2022-11-21T06:43:42+00:00\" \/>\n<meta name=\"twitter:card\" content=\"summary_large_image\" \/>\n<meta name=\"twitter:label1\" content=\"Est. reading time\" \/>\n\t<meta name=\"twitter:data1\" content=\"3 minutes\" \/>\n<script type=\"application\/ld+json\" class=\"yoast-schema-graph\">{\"@context\":\"https:\/\/schema.org\",\"@graph\":[{\"@type\":\"WebPage\",\"@id\":\"https:\/\/www.rakmediaoffice.ae\/en\/media-center\/information-kit\/about-his-highness\/\",\"url\":\"https:\/\/www.rakmediaoffice.ae\/en\/media-center\/information-kit\/about-his-highness\/\",\"name\":\"His Highness Sheikh Saud bin Saqr Al Qasimi - Home Page\",\"isPartOf\":{\"@id\":\"https:\/\/www.rakmediaoffice.ae\/en\/#website\"},\"datePublished\":\"2022-01-27T06:20:44+00:00\",\"dateModified\":\"2022-11-21T06:43:42+00:00\",\"breadcrumb\":{\"@id\":\"https:\/\/www.rakmediaoffice.ae\/en\/media-center\/information-kit\/about-his-highness\/#breadcrumb\"},\"inLanguage\":\"en-US\",\"potentialAction\":[{\"@type\":\"ReadAction\",\"target\":[\"https:\/\/www.rakmediaoffice.ae\/en\/media-center\/information-kit\/about-his-highness\/\"]}]},{\"@type\":\"BreadcrumbList\",\"@id\":\"https:\/\/www.rakmediaoffice.ae\/en\/media-center\/information-kit\/about-his-highness\/#breadcrumb\",\"itemListElement\":[{\"@type\":\"ListItem\",\"position\":1,\"name\":\"Homepage\",\"item\":\"https:\/\/www.rakmediaoffice.ae\/en\/\"},{\"@type\":\"ListItem\",\"position\":2,\"name\":\"Media Center\",\"item\":\"https:\/\/www.rakmediaoffice.ae\/en\/media-center\/\"},{\"@type\":\"ListItem\",\"position\":3,\"name\":\"Information Kit\",\"item\":\"https:\/\/www.rakmediaoffice.ae\/en\/media-center\/information-kit\/\"},{\"@type\":\"ListItem\",\"position\":4,\"name\":\"His Highness Sheikh Saud bin Saqr Al Qasimi\"}]},{\"@type\":\"WebSite\",\"@id\":\"https:\/\/www.rakmediaoffice.ae\/en\/#website\",\"url\":\"https:\/\/www.rakmediaoffice.ae\/en\/\",\"name\":\"Home Page\",\"description\":\"Welcome to Ras Al Khaimah Media Office\",\"potentialAction\":[{\"@type\":\"SearchAction\",\"target\":{\"@type\":\"EntryPoint\",\"urlTemplate\":\"https:\/\/www.rakmediaoffice.ae\/en\/?s={search_term_string}\"},\"query-input\":{\"@type\":\"PropertyValueSpecification\",\"valueRequired\":true,\"valueName\":\"search_term_string\"}}],\"inLanguage\":\"en-US\"}]}<\/script>\n<!-- \/ Yoast SEO plugin. -->","yoast_head_json":{"title":"His Highness Sheikh Saud bin Saqr Al Qasimi - Home Page","robots":{"index":"index","follow":"follow","max-snippet":"max-snippet:-1","max-image-preview":"max-image-preview:large","max-video-preview":"max-video-preview:-1"},"canonical":"https:\/\/www.rakmediaoffice.ae\/en\/media-center\/information-kit\/about-his-highness\/","og_locale":"en_US","og_type":"article","og_title":"His Highness Sheikh Saud bin Saqr Al Qasimi - Home Page","og_description":"Born in Dubai in 1956, H.H. Sheikh Saud bin Saqr Al Qasimi was educated at Al Qassimiya Primary and Al Siddique Secondary schools in Ras Al Khaimah before attending the American University of Beirut in 1973. He later transferred to the University of Michigan in the United States, graduating with a Bachelor\u2019s Degree in Political [&hellip;]","og_url":"https:\/\/www.rakmediaoffice.ae\/en\/media-center\/information-kit\/about-his-highness\/","og_site_name":"Home Page","article_modified_time":"2022-11-21T06:43:42+00:00","twitter_card":"summary_large_image","twitter_misc":{"Est. reading time":"3 minutes"},"schema":{"@context":"https:\/\/schema.org","@graph":[{"@type":"WebPage","@id":"https:\/\/www.rakmediaoffice.ae\/en\/media-center\/information-kit\/about-his-highness\/","url":"https:\/\/www.rakmediaoffice.ae\/en\/media-center\/information-kit\/about-his-highness\/","name":"His Highness Sheikh Saud bin Saqr Al Qasimi - Home Page","isPartOf":{"@id":"https:\/\/www.rakmediaoffice.ae\/en\/#website"},"datePublished":"2022-01-27T06:20:44+00:00","dateModified":"2022-11-21T06:43:42+00:00","breadcrumb":{"@id":"https:\/\/www.rakmediaoffice.ae\/en\/media-center\/information-kit\/about-his-highness\/#breadcrumb"},"inLanguage":"en-US","potentialAction":[{"@type":"ReadAction","target":["https:\/\/www.rakmediaoffice.ae\/en\/media-center\/information-kit\/about-his-highness\/"]}]},{"@type":"BreadcrumbList","@id":"https:\/\/www.rakmediaoffice.ae\/en\/media-center\/information-kit\/about-his-highness\/#breadcrumb","itemListElement":[{"@type":"ListItem","position":1,"name":"Homepage","item":"https:\/\/www.rakmediaoffice.ae\/en\/"},{"@type":"ListItem","position":2,"name":"Media Center","item":"https:\/\/www.rakmediaoffice.ae\/en\/media-center\/"},{"@type":"ListItem","position":3,"name":"Information Kit","item":"https:\/\/www.rakmediaoffice.ae\/en\/media-center\/information-kit\/"},{"@type":"ListItem","position":4,"name":"His Highness Sheikh Saud bin Saqr Al Qasimi"}]},{"@type":"WebSite","@id":"https:\/\/www.rakmediaoffice.ae\/en\/#website","url":"https:\/\/www.rakmediaoffice.ae\/en\/","name":"Home Page","description":"Welcome to Ras Al Khaimah Media Office","potentialAction":[{"@type":"SearchAction","target":{"@type":"EntryPoint","urlTemplate":"https:\/\/www.rakmediaoffice.ae\/en\/?s={search_term_string}"},"query-input":{"@type":"PropertyValueSpecification","valueRequired":true,"valueName":"search_term_string"}}],"inLanguage":"en-US"}]}},"_links":{"self":[{"href":"https:\/\/www.rakmediaoffice.ae\/en\/wp-json\/wp\/v2\/pages\/6539","targetHints":{"allow":["GET"]}}],"collection":[{"href":"https:\/\/www.rakmediaoffice.ae\/en\/wp-json\/wp\/v2\/pages"}],"about":[{"href":"https:\/\/www.rakmediaoffice.ae\/en\/wp-json\/wp\/v2\/types\/page"}],"author":[{"embeddable":true,"href":"https:\/\/www.rakmediaoffice.ae\/en\/wp-json\/wp\/v2\/users\/1"}],"replies":[{"embeddable":true,"href":"https:\/\/www.rakmediaoffice.ae\/en\/wp-json\/wp\/v2\/comments?post=6539"}],"version-history":[{"count":1,"href":"https:\/\/www.rakmediaoffice.ae\/en\/wp-json\/wp\/v2\/pages\/6539\/revisions"}],"predecessor-version":[{"id":6540,"href":"https:\/\/www.rakmediaoffice.ae\/en\/wp-json\/wp\/v2\/pages\/6539\/revisions\/6540"}],"up":[{"embeddable":true,"href":"https:\/\/www.rakmediaoffice.ae\/en\/wp-json\/wp\/v2\/pages\/619"}],"wp:attachment":[{"href":"https:\/\/www.rakmediaoffice.ae\/en\/wp-json\/wp\/v2\/media?parent=6539"}],"curies":[{"name":"wp","href":"https:\/\/api.w.org\/{rel}","templated":true}]}}